{"id":1085,"date":"2020-10-05T17:46:12","date_gmt":"2020-10-05T15:46:12","guid":{"rendered":"https:\/\/www.lipsie.com\/fr\/traduction-video\/?page_id=1085"},"modified":"2026-02-10T18:16:19","modified_gmt":"2026-02-10T17:16:19","slug":"blog","status":"publish","type":"page","link":"https:\/\/www.lipsie.com\/fr\/traduction-video\/blog\/","title":{"rendered":"Articles et news &#8211; LIPSIE"},"content":{"rendered":"Nous vous pr\u00e9sentons une mise en forme simple, mais tr\u00e8s performante\u00a0: le lignage de script. Elle est sp\u00e9cialement con\u00e7ue pour la mise en page des scripts destin\u00e9s au doublage. Le lignage permet de compter les lignes qui composent le&hellip;","protected":false},"excerpt":{"rendered":"Nous vous pr\u00e9sentons une mise en forme simple, mais tr\u00e8s performante\u00a0: le lignage de script. Elle est sp\u00e9cialement con\u00e7ue pour la mise en page des scripts destin\u00e9s au doublage. Le lignage permet de compter les lignes qui composent le&hellip;","protected":false},"author":2,"featured_media":0,"parent":0,"menu_order":0,"comment_status":"closed","ping_status":"closed","template":"elementor_header_footer","meta":{"footnotes":""},"class_list":["post-1085","page","type-page","status-publish","hentry"],"yoast_head":"<!-- This site is optimized with the Yoast SEO plugin v27.0 - https:\/\/yoast.com\/product\/yoast-seo-wordpress\/ -->\n<title>Articles et news - LIPSIE - Lipsie Entertainment<\/title>\n<meta name=\"robots\" content=\"index, follow, max-snippet:-1, max-image-preview:large, max-video-preview:-1\" \/>\n<link rel=\"canonical\" href=\"https:\/\/www.lipsie.com\/fr\/traduction-video\/blog\/\" \/>\n<meta property=\"og:locale\" content=\"fr_FR\" \/>\n<meta property=\"og:type\" content=\"article\" \/>\n<meta property=\"og:title\" content=\"Articles et news - LIPSIE - Lipsie Entertainment\" \/>\n<meta property=\"og:description\" content=\"Nous vous pr\u00e9sentons une mise en forme simple, mais tr\u00e8s performante\u00a0: le lignage de script. Elle est sp\u00e9cialement con\u00e7ue pour la mise en page des scripts destin\u00e9s au doublage. Le lignage permet de compter les lignes qui composent le&hellip;\" \/>\n<meta property=\"og:url\" content=\"https:\/\/www.lipsie.com\/fr\/traduction-video\/blog\/\" \/>\n<meta property=\"og:site_name\" content=\"Lipsie Entertainment\" \/>\n<meta property=\"article:modified_time\" content=\"2026-02-10T17:16:19+00:00\" \/>\n<meta name=\"twitter:card\" content=\"summary_large_image\" \/>\n<script type=\"application\/ld+json\" class=\"yoast-schema-graph\">{\"@context\":\"https:\/\/schema.org\",\"@graph\":[{\"@type\":\"WebPage\",\"@id\":\"https:\/\/www.lipsie.com\/fr\/traduction-video\/blog\/\",\"url\":\"https:\/\/www.lipsie.com\/fr\/traduction-video\/blog\/\",\"name\":\"Articles et news - LIPSIE - Lipsie Entertainment\",\"isPartOf\":{\"@id\":\"https:\/\/www.lipsie.com\/fr\/traduction-video\/#website\"},\"datePublished\":\"2020-10-05T15:46:12+00:00\",\"dateModified\":\"2026-02-10T17:16:19+00:00\",\"breadcrumb\":{\"@id\":\"https:\/\/www.lipsie.com\/fr\/traduction-video\/blog\/#breadcrumb\"},\"inLanguage\":\"fr-FR\",\"potentialAction\":[{\"@type\":\"ReadAction\",\"target\":[\"https:\/\/www.lipsie.com\/fr\/traduction-video\/blog\/\"]}]},{\"@type\":\"BreadcrumbList\",\"@id\":\"https:\/\/www.lipsie.com\/fr\/traduction-video\/blog\/#breadcrumb\",\"itemListElement\":[{\"@type\":\"ListItem\",\"position\":1,\"name\":\"Accueil\",\"item\":\"https:\/\/www.lipsie.com\/fr\/traduction-video\/\"},{\"@type\":\"ListItem\",\"position\":2,\"name\":\"Articles et news &#8211; LIPSIE\"}]},{\"@type\":\"WebSite\",\"@id\":\"https:\/\/www.lipsie.com\/fr\/traduction-video\/#website\",\"url\":\"https:\/\/www.lipsie.com\/fr\/traduction-video\/\",\"name\":\"Lipsie Entertainment\",\"description\":\"Agence de traduction audiovisuelle\",\"publisher\":{\"@id\":\"https:\/\/www.lipsie.com\/fr\/traduction-video\/#organization\"},\"potentialAction\":[{\"@type\":\"SearchAction\",\"target\":{\"@type\":\"EntryPoint\",\"urlTemplate\":\"https:\/\/www.lipsie.com\/fr\/traduction-video\/?s={search_term_string}\"},\"query-input\":{\"@type\":\"PropertyValueSpecification\",\"valueRequired\":true,\"valueName\":\"search_term_string\"}}],\"inLanguage\":\"fr-FR\"},{\"@type\":\"Organization\",\"@id\":\"https:\/\/www.lipsie.com\/fr\/traduction-video\/#organization\",\"name\":\"AgenziaTraduzione-IN srls\",\"url\":\"https:\/\/www.lipsie.com\/fr\/traduction-video\/\",\"logo\":{\"@type\":\"ImageObject\",\"inLanguage\":\"fr-FR\",\"@id\":\"https:\/\/www.lipsie.com\/fr\/traduction-video\/#\/schema\/logo\/image\/\",\"url\":\"https:\/\/www.lipsie.com\/fr\/traduction-video\/wp-content\/uploads\/2020\/11\/lipsie-languages-logo-white-710x275-1.svg\",\"contentUrl\":\"https:\/\/www.lipsie.com\/fr\/traduction-video\/wp-content\/uploads\/2020\/11\/lipsie-languages-logo-white-710x275-1.svg\",\"width\":170,\"height\":65,\"caption\":\"AgenziaTraduzione-IN srls\"},\"image\":{\"@id\":\"https:\/\/www.lipsie.com\/fr\/traduction-video\/#\/schema\/logo\/image\/\"}}]}<\/script>\n<!-- \/ Yoast SEO plugin. -->","yoast_head_json":{"title":"Articles et news - LIPSIE - Lipsie Entertainment","robots":{"index":"index","follow":"follow","max-snippet":"max-snippet:-1","max-image-preview":"max-image-preview:large","max-video-preview":"max-video-preview:-1"},"canonical":"https:\/\/www.lipsie.com\/fr\/traduction-video\/blog\/","og_locale":"fr_FR","og_type":"article","og_title":"Articles et news - LIPSIE - Lipsie Entertainment","og_description":"Nous vous pr\u00e9sentons une mise en forme simple, mais tr\u00e8s performante\u00a0: le lignage de script. Elle est sp\u00e9cialement con\u00e7ue pour la mise en page des scripts destin\u00e9s au doublage. Le lignage permet de compter les lignes qui composent le&hellip;","og_url":"https:\/\/www.lipsie.com\/fr\/traduction-video\/blog\/","og_site_name":"Lipsie Entertainment","article_modified_time":"2026-02-10T17:16:19+00:00","twitter_card":"summary_large_image","schema":{"@context":"https:\/\/schema.org","@graph":[{"@type":"WebPage","@id":"https:\/\/www.lipsie.com\/fr\/traduction-video\/blog\/","url":"https:\/\/www.lipsie.com\/fr\/traduction-video\/blog\/","name":"Articles et news - LIPSIE - Lipsie Entertainment","isPartOf":{"@id":"https:\/\/www.lipsie.com\/fr\/traduction-video\/#website"},"datePublished":"2020-10-05T15:46:12+00:00","dateModified":"2026-02-10T17:16:19+00:00","breadcrumb":{"@id":"https:\/\/www.lipsie.com\/fr\/traduction-video\/blog\/#breadcrumb"},"inLanguage":"fr-FR","potentialAction":[{"@type":"ReadAction","target":["https:\/\/www.lipsie.com\/fr\/traduction-video\/blog\/"]}]},{"@type":"BreadcrumbList","@id":"https:\/\/www.lipsie.com\/fr\/traduction-video\/blog\/#breadcrumb","itemListElement":[{"@type":"ListItem","position":1,"name":"Accueil","item":"https:\/\/www.lipsie.com\/fr\/traduction-video\/"},{"@type":"ListItem","position":2,"name":"Articles et news &#8211; LIPSIE"}]},{"@type":"WebSite","@id":"https:\/\/www.lipsie.com\/fr\/traduction-video\/#website","url":"https:\/\/www.lipsie.com\/fr\/traduction-video\/","name":"Lipsie Entertainment","description":"Agence de traduction audiovisuelle","publisher":{"@id":"https:\/\/www.lipsie.com\/fr\/traduction-video\/#organization"},"potentialAction":[{"@type":"SearchAction","target":{"@type":"EntryPoint","urlTemplate":"https:\/\/www.lipsie.com\/fr\/traduction-video\/?s={search_term_string}"},"query-input":{"@type":"PropertyValueSpecification","valueRequired":true,"valueName":"search_term_string"}}],"inLanguage":"fr-FR"},{"@type":"Organization","@id":"https:\/\/www.lipsie.com\/fr\/traduction-video\/#organization","name":"AgenziaTraduzione-IN srls","url":"https:\/\/www.lipsie.com\/fr\/traduction-video\/","logo":{"@type":"ImageObject","inLanguage":"fr-FR","@id":"https:\/\/www.lipsie.com\/fr\/traduction-video\/#\/schema\/logo\/image\/","url":"https:\/\/www.lipsie.com\/fr\/traduction-video\/wp-content\/uploads\/2020\/11\/lipsie-languages-logo-white-710x275-1.svg","contentUrl":"https:\/\/www.lipsie.com\/fr\/traduction-video\/wp-content\/uploads\/2020\/11\/lipsie-languages-logo-white-710x275-1.svg","width":170,"height":65,"caption":"AgenziaTraduzione-IN srls"},"image":{"@id":"https:\/\/www.lipsie.com\/fr\/traduction-video\/#\/schema\/logo\/image\/"}}]}},"_links":{"self":[{"href":"https:\/\/www.lipsie.com\/fr\/traduction-video\/wp-json\/wp\/v2\/pages\/1085","targetHints":{"allow":["GET"]}}],"collection":[{"href":"https:\/\/www.lipsie.com\/fr\/traduction-video\/wp-json\/wp\/v2\/pages"}],"about":[{"href":"https:\/\/www.lipsie.com\/fr\/traduction-video\/wp-json\/wp\/v2\/types\/page"}],"author":[{"embeddable":true,"href":"https:\/\/www.lipsie.com\/fr\/traduction-video\/wp-json\/wp\/v2\/users\/2"}],"replies":[{"embeddable":true,"href":"https:\/\/www.lipsie.com\/fr\/traduction-video\/wp-json\/wp\/v2\/comments?post=1085"}],"version-history":[{"count":10,"href":"https:\/\/www.lipsie.com\/fr\/traduction-video\/wp-json\/wp\/v2\/pages\/1085\/revisions"}],"predecessor-version":[{"id":1360,"href":"https:\/\/www.lipsie.com\/fr\/traduction-video\/wp-json\/wp\/v2\/pages\/1085\/revisions\/1360"}],"wp:attachment":[{"href":"https:\/\/www.lipsie.com\/fr\/traduction-video\/wp-json\/wp\/v2\/media?parent=1085"}],"curies":[{"name":"wp","href":"https:\/\/api.w.org\/{rel}","templated":true}]}}