{"id":1177,"date":"2023-11-30T14:36:03","date_gmt":"2023-11-30T13:36:03","guid":{"rendered":"https:\/\/www.lipsie.com\/fr\/traduction-livre\/?page_id=1177"},"modified":"2026-02-10T23:23:53","modified_gmt":"2026-02-10T22:23:53","slug":"autoedition-traduction-promotion","status":"publish","type":"page","link":"https:\/\/www.lipsie.com\/fr\/traduction-livre\/autoedition-traduction-promotion\/","title":{"rendered":"Auto\u00e9dition : solution sur mesure de traduction et promotion"},"content":{"rendered":"Si \u00e9crire un livre \u00e0 succ\u00e8s n&rsquo;a plus de secret pour vous, alors passez \u00e0 la vitesse sup\u00e9rieure et faites-le publier \u00e0 l&rsquo;\u00e9tranger. A l&rsquo;\u00e8re du tout num\u00e9rique, diffuser ses livres dans d&rsquo;autres langues fait partie de la strat\u00e9gie d&rsquo;un&hellip;","protected":false},"excerpt":{"rendered":"Si \u00e9crire un livre \u00e0 succ\u00e8s n&rsquo;a plus de secret pour vous, alors passez \u00e0 la vitesse sup\u00e9rieure et faites-le publier \u00e0 l&rsquo;\u00e9tranger. A l&rsquo;\u00e8re du tout num\u00e9rique, diffuser ses livres dans d&rsquo;autres langues fait partie de la strat\u00e9gie d&rsquo;un&hellip;","protected":false},"author":2,"featured_media":940,"parent":0,"menu_order":0,"comment_status":"closed","ping_status":"closed","template":"elementor_header_footer","meta":{"footnotes":""},"class_list":["post-1177","page","type-page","status-publish","has-post-thumbnail","hentry"],"yoast_head":"<!-- This site is optimized with the Yoast SEO plugin v27.0 - https:\/\/yoast.com\/product\/yoast-seo-wordpress\/ -->\n<title>Auto\u00e9dition &amp; traduction de livre | Lipsie Publishing Hub<\/title>\n<meta name=\"description\" content=\"Lancez votre livre \u00e0 l\u2019international : traduction pro, auto\u00e9dition assist\u00e9e, promotion cibl\u00e9e et diffusion multicanale de votre \u0153uvre.\" \/>\n<meta name=\"robots\" content=\"index, follow, max-snippet:-1, max-image-preview:large, max-video-preview:-1\" \/>\n<link rel=\"canonical\" href=\"https:\/\/www.lipsie.com\/fr\/traduction-livre\/autoedition-traduction-promotion\/\" \/>\n<meta property=\"og:locale\" content=\"fr_FR\" \/>\n<meta property=\"og:type\" content=\"article\" \/>\n<meta property=\"og:title\" content=\"Auto\u00e9dition &amp; traduction de livre | Lipsie Publishing Hub\" \/>\n<meta property=\"og:description\" content=\"Lancez votre livre \u00e0 l\u2019international : traduction pro, auto\u00e9dition assist\u00e9e, promotion cibl\u00e9e et diffusion multicanale de votre \u0153uvre.\" \/>\n<meta property=\"og:url\" content=\"https:\/\/www.lipsie.com\/fr\/traduction-livre\/autoedition-traduction-promotion\/\" \/>\n<meta property=\"og:site_name\" content=\"Lipsie Edition\" \/>\n<meta property=\"article:modified_time\" content=\"2026-02-10T22:23:53+00:00\" \/>\n<meta property=\"og:image\" content=\"https:\/\/www.lipsie.com\/fr\/traduction-livre\/wp-content\/uploads\/2020\/09\/traduction-livre-agence.jpg\" \/>\n\t<meta property=\"og:image:width\" content=\"900\" \/>\n\t<meta property=\"og:image:height\" content=\"600\" \/>\n\t<meta property=\"og:image:type\" content=\"image\/jpeg\" \/>\n<meta name=\"twitter:card\" content=\"summary_large_image\" \/>\n<meta name=\"twitter:label1\" content=\"Dur\u00e9e de lecture estim\u00e9e\" \/>\n\t<meta name=\"twitter:data1\" content=\"3 minutes\" \/>\n<script type=\"application\/ld+json\" class=\"yoast-schema-graph\">{\"@context\":\"https:\/\/schema.org\",\"@graph\":[{\"@type\":\"WebPage\",\"@id\":\"https:\/\/www.lipsie.com\/fr\/traduction-livre\/autoedition-traduction-promotion\/\",\"url\":\"https:\/\/www.lipsie.com\/fr\/traduction-livre\/autoedition-traduction-promotion\/\",\"name\":\"Auto\u00e9dition & traduction de livre | Lipsie Publishing Hub\",\"isPartOf\":{\"@id\":\"https:\/\/www.lipsie.com\/fr\/traduction-livre\/#website\"},\"primaryImageOfPage\":{\"@id\":\"https:\/\/www.lipsie.com\/fr\/traduction-livre\/autoedition-traduction-promotion\/#primaryimage\"},\"image\":{\"@id\":\"https:\/\/www.lipsie.com\/fr\/traduction-livre\/autoedition-traduction-promotion\/#primaryimage\"},\"thumbnailUrl\":\"https:\/\/www.lipsie.com\/fr\/traduction-livre\/wp-content\/uploads\/2020\/09\/traduction-livre-agence.jpg\",\"datePublished\":\"2023-11-30T13:36:03+00:00\",\"dateModified\":\"2026-02-10T22:23:53+00:00\",\"description\":\"Lancez votre livre \u00e0 l\u2019international : traduction pro, auto\u00e9dition assist\u00e9e, promotion cibl\u00e9e et diffusion multicanale de votre \u0153uvre.\",\"breadcrumb\":{\"@id\":\"https:\/\/www.lipsie.com\/fr\/traduction-livre\/autoedition-traduction-promotion\/#breadcrumb\"},\"inLanguage\":\"fr-FR\",\"potentialAction\":[{\"@type\":\"ReadAction\",\"target\":[\"https:\/\/www.lipsie.com\/fr\/traduction-livre\/autoedition-traduction-promotion\/\"]}]},{\"@type\":\"ImageObject\",\"inLanguage\":\"fr-FR\",\"@id\":\"https:\/\/www.lipsie.com\/fr\/traduction-livre\/autoedition-traduction-promotion\/#primaryimage\",\"url\":\"https:\/\/www.lipsie.com\/fr\/traduction-livre\/wp-content\/uploads\/2020\/09\/traduction-livre-agence.jpg\",\"contentUrl\":\"https:\/\/www.lipsie.com\/fr\/traduction-livre\/wp-content\/uploads\/2020\/09\/traduction-livre-agence.jpg\",\"width\":900,\"height\":600,\"caption\":\"traduction de votre livre\"},{\"@type\":\"BreadcrumbList\",\"@id\":\"https:\/\/www.lipsie.com\/fr\/traduction-livre\/autoedition-traduction-promotion\/#breadcrumb\",\"itemListElement\":[{\"@type\":\"ListItem\",\"position\":1,\"name\":\"Accueil\",\"item\":\"https:\/\/www.lipsie.com\/fr\/traduction-livre\/\"},{\"@type\":\"ListItem\",\"position\":2,\"name\":\"Auto\u00e9dition : solution sur mesure de traduction et promotion\"}]},{\"@type\":\"WebSite\",\"@id\":\"https:\/\/www.lipsie.com\/fr\/traduction-livre\/#website\",\"url\":\"https:\/\/www.lipsie.com\/fr\/traduction-livre\/\",\"name\":\"Lipsie Edition\",\"description\":\"Agence de traduction litt\u00e9raire\",\"publisher\":{\"@id\":\"https:\/\/www.lipsie.com\/fr\/traduction-livre\/#organization\"},\"potentialAction\":[{\"@type\":\"SearchAction\",\"target\":{\"@type\":\"EntryPoint\",\"urlTemplate\":\"https:\/\/www.lipsie.com\/fr\/traduction-livre\/?s={search_term_string}\"},\"query-input\":{\"@type\":\"PropertyValueSpecification\",\"valueRequired\":true,\"valueName\":\"search_term_string\"}}],\"inLanguage\":\"fr-FR\"},{\"@type\":\"Organization\",\"@id\":\"https:\/\/www.lipsie.com\/fr\/traduction-livre\/#organization\",\"name\":\"AgenziaTraduzione-IN srls\",\"url\":\"https:\/\/www.lipsie.com\/fr\/traduction-livre\/\",\"logo\":{\"@type\":\"ImageObject\",\"inLanguage\":\"fr-FR\",\"@id\":\"https:\/\/www.lipsie.com\/fr\/traduction-livre\/#\/schema\/logo\/image\/\",\"url\":\"https:\/\/www.lipsie.com\/fr\/traduction-livre\/wp-content\/uploads\/2020\/09\/lipsie-languages-logo-white-710x275-1.svg\",\"contentUrl\":\"https:\/\/www.lipsie.com\/fr\/traduction-livre\/wp-content\/uploads\/2020\/09\/lipsie-languages-logo-white-710x275-1.svg\",\"width\":170,\"height\":65,\"caption\":\"AgenziaTraduzione-IN srls\"},\"image\":{\"@id\":\"https:\/\/www.lipsie.com\/fr\/traduction-livre\/#\/schema\/logo\/image\/\"}}]}<\/script>\n<!-- \/ Yoast SEO plugin. -->","yoast_head_json":{"title":"Auto\u00e9dition & traduction de livre | Lipsie Publishing Hub","description":"Lancez votre livre \u00e0 l\u2019international : traduction pro, auto\u00e9dition assist\u00e9e, promotion cibl\u00e9e et diffusion multicanale de votre \u0153uvre.","robots":{"index":"index","follow":"follow","max-snippet":"max-snippet:-1","max-image-preview":"max-image-preview:large","max-video-preview":"max-video-preview:-1"},"canonical":"https:\/\/www.lipsie.com\/fr\/traduction-livre\/autoedition-traduction-promotion\/","og_locale":"fr_FR","og_type":"article","og_title":"Auto\u00e9dition & traduction de livre | Lipsie Publishing Hub","og_description":"Lancez votre livre \u00e0 l\u2019international : traduction pro, auto\u00e9dition assist\u00e9e, promotion cibl\u00e9e et diffusion multicanale de votre \u0153uvre.","og_url":"https:\/\/www.lipsie.com\/fr\/traduction-livre\/autoedition-traduction-promotion\/","og_site_name":"Lipsie Edition","article_modified_time":"2026-02-10T22:23:53+00:00","og_image":[{"width":900,"height":600,"url":"https:\/\/www.lipsie.com\/fr\/traduction-livre\/wp-content\/uploads\/2020\/09\/traduction-livre-agence.jpg","type":"image\/jpeg"}],"twitter_card":"summary_large_image","twitter_misc":{"Dur\u00e9e de lecture estim\u00e9e":"3 minutes"},"schema":{"@context":"https:\/\/schema.org","@graph":[{"@type":"WebPage","@id":"https:\/\/www.lipsie.com\/fr\/traduction-livre\/autoedition-traduction-promotion\/","url":"https:\/\/www.lipsie.com\/fr\/traduction-livre\/autoedition-traduction-promotion\/","name":"Auto\u00e9dition & traduction de livre | Lipsie Publishing Hub","isPartOf":{"@id":"https:\/\/www.lipsie.com\/fr\/traduction-livre\/#website"},"primaryImageOfPage":{"@id":"https:\/\/www.lipsie.com\/fr\/traduction-livre\/autoedition-traduction-promotion\/#primaryimage"},"image":{"@id":"https:\/\/www.lipsie.com\/fr\/traduction-livre\/autoedition-traduction-promotion\/#primaryimage"},"thumbnailUrl":"https:\/\/www.lipsie.com\/fr\/traduction-livre\/wp-content\/uploads\/2020\/09\/traduction-livre-agence.jpg","datePublished":"2023-11-30T13:36:03+00:00","dateModified":"2026-02-10T22:23:53+00:00","description":"Lancez votre livre \u00e0 l\u2019international : traduction pro, auto\u00e9dition assist\u00e9e, promotion cibl\u00e9e et diffusion multicanale de votre \u0153uvre.","breadcrumb":{"@id":"https:\/\/www.lipsie.com\/fr\/traduction-livre\/autoedition-traduction-promotion\/#breadcrumb"},"inLanguage":"fr-FR","potentialAction":[{"@type":"ReadAction","target":["https:\/\/www.lipsie.com\/fr\/traduction-livre\/autoedition-traduction-promotion\/"]}]},{"@type":"ImageObject","inLanguage":"fr-FR","@id":"https:\/\/www.lipsie.com\/fr\/traduction-livre\/autoedition-traduction-promotion\/#primaryimage","url":"https:\/\/www.lipsie.com\/fr\/traduction-livre\/wp-content\/uploads\/2020\/09\/traduction-livre-agence.jpg","contentUrl":"https:\/\/www.lipsie.com\/fr\/traduction-livre\/wp-content\/uploads\/2020\/09\/traduction-livre-agence.jpg","width":900,"height":600,"caption":"traduction de votre livre"},{"@type":"BreadcrumbList","@id":"https:\/\/www.lipsie.com\/fr\/traduction-livre\/autoedition-traduction-promotion\/#breadcrumb","itemListElement":[{"@type":"ListItem","position":1,"name":"Accueil","item":"https:\/\/www.lipsie.com\/fr\/traduction-livre\/"},{"@type":"ListItem","position":2,"name":"Auto\u00e9dition : solution sur mesure de traduction et promotion"}]},{"@type":"WebSite","@id":"https:\/\/www.lipsie.com\/fr\/traduction-livre\/#website","url":"https:\/\/www.lipsie.com\/fr\/traduction-livre\/","name":"Lipsie Edition","description":"Agence de traduction litt\u00e9raire","publisher":{"@id":"https:\/\/www.lipsie.com\/fr\/traduction-livre\/#organization"},"potentialAction":[{"@type":"SearchAction","target":{"@type":"EntryPoint","urlTemplate":"https:\/\/www.lipsie.com\/fr\/traduction-livre\/?s={search_term_string}"},"query-input":{"@type":"PropertyValueSpecification","valueRequired":true,"valueName":"search_term_string"}}],"inLanguage":"fr-FR"},{"@type":"Organization","@id":"https:\/\/www.lipsie.com\/fr\/traduction-livre\/#organization","name":"AgenziaTraduzione-IN srls","url":"https:\/\/www.lipsie.com\/fr\/traduction-livre\/","logo":{"@type":"ImageObject","inLanguage":"fr-FR","@id":"https:\/\/www.lipsie.com\/fr\/traduction-livre\/#\/schema\/logo\/image\/","url":"https:\/\/www.lipsie.com\/fr\/traduction-livre\/wp-content\/uploads\/2020\/09\/lipsie-languages-logo-white-710x275-1.svg","contentUrl":"https:\/\/www.lipsie.com\/fr\/traduction-livre\/wp-content\/uploads\/2020\/09\/lipsie-languages-logo-white-710x275-1.svg","width":170,"height":65,"caption":"AgenziaTraduzione-IN srls"},"image":{"@id":"https:\/\/www.lipsie.com\/fr\/traduction-livre\/#\/schema\/logo\/image\/"}}]}},"_links":{"self":[{"href":"https:\/\/www.lipsie.com\/fr\/traduction-livre\/wp-json\/wp\/v2\/pages\/1177","targetHints":{"allow":["GET"]}}],"collection":[{"href":"https:\/\/www.lipsie.com\/fr\/traduction-livre\/wp-json\/wp\/v2\/pages"}],"about":[{"href":"https:\/\/www.lipsie.com\/fr\/traduction-livre\/wp-json\/wp\/v2\/types\/page"}],"author":[{"embeddable":true,"href":"https:\/\/www.lipsie.com\/fr\/traduction-livre\/wp-json\/wp\/v2\/users\/2"}],"replies":[{"embeddable":true,"href":"https:\/\/www.lipsie.com\/fr\/traduction-livre\/wp-json\/wp\/v2\/comments?post=1177"}],"version-history":[{"count":32,"href":"https:\/\/www.lipsie.com\/fr\/traduction-livre\/wp-json\/wp\/v2\/pages\/1177\/revisions"}],"predecessor-version":[{"id":1426,"href":"https:\/\/www.lipsie.com\/fr\/traduction-livre\/wp-json\/wp\/v2\/pages\/1177\/revisions\/1426"}],"wp:featuredmedia":[{"embeddable":true,"href":"https:\/\/www.lipsie.com\/fr\/traduction-livre\/wp-json\/wp\/v2\/media\/940"}],"wp:attachment":[{"href":"https:\/\/www.lipsie.com\/fr\/traduction-livre\/wp-json\/wp\/v2\/media?parent=1177"}],"curies":[{"name":"wp","href":"https:\/\/api.w.org\/{rel}","templated":true}]}}