{"id":1075,"date":"2024-07-17T16:52:18","date_gmt":"2024-07-17T16:52:18","guid":{"rendered":"https:\/\/www.lipsie.com\/fr\/ressources-traduction\/?page_id=1075"},"modified":"2026-02-10T16:18:15","modified_gmt":"2026-02-10T16:18:15","slug":"demande-traduction","status":"publish","type":"page","link":"https:\/\/www.lipsie.com\/fr\/ressources-traduction\/demande-traduction\/","title":{"rendered":"Demande traduction"},"content":{"rendered":"\t\t<div data-elementor-type=\"wp-page\" data-elementor-id=\"1075\" class=\"elementor elementor-1075\" data-elementor-post-type=\"page\">\n\t\t\t\t\t\t<section class=\"elementor-section elementor-top-section elementor-element elementor-element-b61d993 elementor-section-boxed elementor-section-height-default elementor-section-height-default\" data-id=\"b61d993\" data-element_type=\"section\" data-e-type=\"section\" data-settings=\"{&quot;background_background&quot;:&quot;classic&quot;}\">\n\t\t\t\t\t\t<div class=\"elementor-container elementor-column-gap-default\">\n\t\t\t\t\t<div class=\"elementor-column elementor-col-100 elementor-top-column elementor-element elementor-element-3438ac7\" data-id=\"3438ac7\" data-element_type=\"column\" data-e-type=\"column\">\n\t\t\t<div class=\"elementor-widget-wrap elementor-element-populated\">\n\t\t\t\t\t\t<div class=\"elementor-element elementor-element-ed3b8ed after-orange after-center elementor-widget elementor-widget-heading\" data-id=\"ed3b8ed\" data-element_type=\"widget\" data-e-type=\"widget\" data-widget_type=\"heading.default\">\n\t\t\t\t<div class=\"elementor-widget-container\">\n\t\t\t\t\t<h2 class=\"elementor-heading-title elementor-size-default\">Vous souhaitez plus d'informations ?<\/h2>\t\t\t\t<\/div>\n\t\t\t\t<\/div>\n\t\t\t\t<div class=\"elementor-element elementor-element-c4c6e43 elementor-widget elementor-widget-text-editor\" data-id=\"c4c6e43\" data-element_type=\"widget\" data-e-type=\"widget\" data-widget_type=\"text-editor.default\">\n\t\t\t\t<div class=\"elementor-widget-container\">\n\t\t\t\t\t\t\t\t\t<p>Nos directeurs de projet sont \u00e0 votre \u00e9coute pour d\u00e9finir avec pr\u00e9cision et intelligence le p\u00e9rim\u00e8tre de votre projet.<\/p>\t\t\t\t\t\t\t\t<\/div>\n\t\t\t\t<\/div>\n\t\t\t\t<div class=\"elementor-element elementor-element-694df88 elementor-align-center elementor-widget elementor-widget-button\" data-id=\"694df88\" data-element_type=\"widget\" data-e-type=\"widget\" data-widget_type=\"button.default\">\n\t\t\t\t<div class=\"elementor-widget-container\">\n\t\t\t\t\t\t\t\t\t<div class=\"elementor-button-wrapper\">\n\t\t\t\t\t<a class=\"elementor-button elementor-button-link elementor-size-lg\" href=\"https:\/\/www.lipsie.com\/fr\/demande_devis.htm\" target=\"_blank\">\n\t\t\t\t\t\t<span class=\"elementor-button-content-wrapper\">\n\t\t\t\t\t\t\t\t\t<span class=\"elementor-button-text\">Demander un devis<\/span>\n\t\t\t\t\t<\/span>\n\t\t\t\t\t<\/a>\n\t\t\t\t<\/div>\n\t\t\t\t\t\t\t\t<\/div>\n\t\t\t\t<\/div>\n\t\t\t\t\t<\/div>\n\t\t<\/div>\n\t\t\t\t\t<\/div>\n\t\t<\/section>\n\t\t\t\t<\/div>\n\t\t","protected":false},"excerpt":{"rendered":"<p>Vous souhaitez plus d&rsquo;informations ? Nos directeurs de projet sont \u00e0 votre \u00e9coute pour d\u00e9finir avec pr\u00e9cision et intelligence le p\u00e9rim\u00e8tre de votre projet. Demander un devis<\/p>\n","protected":false},"author":1,"featured_media":135,"parent":0,"menu_order":0,"comment_status":"closed","ping_status":"closed","template":"elementor_canvas","meta":{"om_disable_all_campaigns":false,"_monsterinsights_skip_tracking":false,"_monsterinsights_sitenote_active":false,"_monsterinsights_sitenote_note":"","_monsterinsights_sitenote_category":0,"footnotes":""},"class_list":["post-1075","page","type-page","status-publish","has-post-thumbnail","hentry"],"aioseo_notices":[],"_links":{"self":[{"href":"https:\/\/www.lipsie.com\/fr\/ressources-traduction\/wp-json\/wp\/v2\/pages\/1075","targetHints":{"allow":["GET"]}}],"collection":[{"href":"https:\/\/www.lipsie.com\/fr\/ressources-traduction\/wp-json\/wp\/v2\/pages"}],"about":[{"href":"https:\/\/www.lipsie.com\/fr\/ressources-traduction\/wp-json\/wp\/v2\/types\/page"}],"author":[{"embeddable":true,"href":"https:\/\/www.lipsie.com\/fr\/ressources-traduction\/wp-json\/wp\/v2\/users\/1"}],"replies":[{"embeddable":true,"href":"https:\/\/www.lipsie.com\/fr\/ressources-traduction\/wp-json\/wp\/v2\/comments?post=1075"}],"version-history":[{"count":19,"href":"https:\/\/www.lipsie.com\/fr\/ressources-traduction\/wp-json\/wp\/v2\/pages\/1075\/revisions"}],"predecessor-version":[{"id":1350,"href":"https:\/\/www.lipsie.com\/fr\/ressources-traduction\/wp-json\/wp\/v2\/pages\/1075\/revisions\/1350"}],"wp:featuredmedia":[{"embeddable":true,"href":"https:\/\/www.lipsie.com\/fr\/ressources-traduction\/wp-json\/wp\/v2\/media\/135"}],"wp:attachment":[{"href":"https:\/\/www.lipsie.com\/fr\/ressources-traduction\/wp-json\/wp\/v2\/media?parent=1075"}],"curies":[{"name":"wp","href":"https:\/\/api.w.org\/{rel}","templated":true}]}}