{"id":131,"date":"2023-05-08T14:10:37","date_gmt":"2023-05-08T14:10:37","guid":{"rendered":"https:\/\/www.lipsie.com\/ch\/videoubersetzung\/?page_id=131"},"modified":"2026-03-18T15:25:41","modified_gmt":"2026-03-18T15:25:41","slug":"blog","status":"publish","type":"page","link":"https:\/\/www.lipsie.com\/ch\/videoubersetzung\/blog\/","title":{"rendered":"Blog"},"content":{"rendered":"\t\t<div data-elementor-type=\"wp-page\" data-elementor-id=\"131\" class=\"elementor elementor-131\" data-elementor-post-type=\"page\">\n\t\t\t\t\t\t<section class=\"elementor-section elementor-top-section elementor-element elementor-element-6cd82a1a elementor-section-full_width elementor-section-height-default elementor-section-height-default\" data-id=\"6cd82a1a\" data-element_type=\"section\" data-e-type=\"section\" data-settings=\"{&quot;background_background&quot;:&quot;classic&quot;}\">\n\t\t\t\t\t\t<div class=\"elementor-container elementor-column-gap-default\">\n\t\t\t\t\t<div class=\"elementor-column elementor-col-100 elementor-top-column elementor-element elementor-element-25bc50ed\" data-id=\"25bc50ed\" data-element_type=\"column\" data-e-type=\"column\">\n\t\t\t<div class=\"elementor-widget-wrap elementor-element-populated\">\n\t\t\t\t\t\t<div class=\"elementor-element elementor-element-9b7e048 after-orange after-center elementor-widget elementor-widget-heading\" data-id=\"9b7e048\" data-element_type=\"widget\" data-e-type=\"widget\" data-widget_type=\"heading.default\">\n\t\t\t\t<div class=\"elementor-widget-container\">\n\t\t\t\t\t<h1 class=\"elementor-heading-title elementor-size-default\">Neueste Artikel<\/h1>\t\t\t\t<\/div>\n\t\t\t\t<\/div>\n\t\t\t\t<div class=\"elementor-element elementor-element-3be3a7ea elementor-widget elementor-widget-heading\" data-id=\"3be3a7ea\" data-element_type=\"widget\" data-e-type=\"widget\" data-widget_type=\"heading.default\">\n\t\t\t\t<div class=\"elementor-widget-container\">\n\t\t\t\t\t<h4 class=\"elementor-heading-title elementor-size-default\">Lesen Sie unsere Artikel mit n\u00fctzlichen Tipps f\u00fcr eine optimale \u00dcbersetzung, die auf Ihre Ziele zugeschnitten ist.<\/h4>\t\t\t\t<\/div>\n\t\t\t\t<\/div>\n\t\t\t\t<div class=\"elementor-element elementor-element-26deedf2 elementor-posts--align-left elementor-grid-3 elementor-grid-tablet-2 elementor-grid-mobile-1 elementor-posts--thumbnail-top elementor-posts__hover-gradient elementor-widget elementor-widget-posts\" data-id=\"26deedf2\" data-element_type=\"widget\" data-e-type=\"widget\" data-settings=\"{&quot;pagination_type&quot;:&quot;prev_next&quot;,&quot;cards_columns&quot;:&quot;3&quot;,&quot;cards_columns_tablet&quot;:&quot;2&quot;,&quot;cards_columns_mobile&quot;:&quot;1&quot;,&quot;cards_row_gap&quot;:{&quot;unit&quot;:&quot;px&quot;,&quot;size&quot;:35,&quot;sizes&quot;:[]},&quot;cards_row_gap_tablet&quot;:{&quot;unit&quot;:&quot;px&quot;,&quot;size&quot;:&quot;&quot;,&quot;sizes&quot;:[]},&quot;cards_row_gap_mobile&quot;:{&quot;unit&quot;:&quot;px&quot;,&quot;size&quot;:&quot;&quot;,&quot;sizes&quot;:[]}}\" data-widget_type=\"posts.cards\">\n\t\t\t\t<div class=\"elementor-widget-container\">\n\t\t\t\t\t\t\t<div class=\"elementor-posts-container elementor-posts elementor-posts--skin-cards elementor-grid\" role=\"list\">\n\t\t\t\t<article class=\"elementor-post elementor-grid-item post-1 post type-post status-publish format-standard has-post-thumbnail hentry category-drehbuchubersetzung category-synchronisation category-ubersetzung-von-untertiteln\" role=\"listitem\">\n\t\t\t<div class=\"elementor-post__card\">\n\t\t\t\t<a class=\"elementor-post__thumbnail__link\" href=\"https:\/\/www.lipsie.com\/ch\/videoubersetzung\/kostenloses-voice-over-wie-sie-ihre-videos-kostenlos-synchronisieren-lassen-konnen\/\" tabindex=\"-1\" ><div class=\"elementor-post__thumbnail\"><img fetchpriority=\"high\" decoding=\"async\" width=\"1000\" height=\"600\" src=\"https:\/\/www.lipsie.com\/ch\/videoubersetzung\/wp-content\/uploads\/2023\/05\/sub2dub-article-cover-voice-over-gratuito-lipsie.jpg\" class=\"attachment-full size-full wp-image-148\" alt=\"\" srcset=\"https:\/\/www.lipsie.com\/ch\/videoubersetzung\/wp-content\/uploads\/2023\/05\/sub2dub-article-cover-voice-over-gratuito-lipsie.jpg 1000w, https:\/\/www.lipsie.com\/ch\/videoubersetzung\/wp-content\/uploads\/2023\/05\/sub2dub-article-cover-voice-over-gratuito-lipsie-300x180.jpg 300w, https:\/\/www.lipsie.com\/ch\/videoubersetzung\/wp-content\/uploads\/2023\/05\/sub2dub-article-cover-voice-over-gratuito-lipsie-768x461.jpg 768w\" sizes=\"(max-width: 1000px) 100vw, 1000px\" \/><\/div><\/a>\n\t\t\t\t<div class=\"elementor-post__text\">\n\t\t\t\t<h3 class=\"elementor-post__title\">\n\t\t\t<a href=\"https:\/\/www.lipsie.com\/ch\/videoubersetzung\/kostenloses-voice-over-wie-sie-ihre-videos-kostenlos-synchronisieren-lassen-konnen\/\" >\n\t\t\t\tKostenloses Voice-over: Wie Sie Ihre Videos kostenlos synchronisieren lassen k\u00f6nnen\t\t\t<\/a>\n\t\t<\/h3>\n\t\t\t\t<div class=\"elementor-post__excerpt\">\n\t\t\t<p>In dieser Anleitung finden Sie alle Informationen, die Sie ben\u00f6tigen, um Ihre Videos zu untertiteln und zu synchronisieren. Insbesondere werden<\/p>\n\t\t<\/div>\n\t\t\t\t<\/div>\n\t\t\t\t<div class=\"elementor-post__meta-data\">\n\t\t\t\t\t<span class=\"elementor-post-date\">\n\t\t\tMay 1, 2023\t\t<\/span>\n\t\t\t\t<\/div>\n\t\t\t\t\t<\/div>\n\t\t<\/article>\n\t\t\t\t<\/div>\n\t\t\n\t\t\t\t\t\t<\/div>\n\t\t\t\t<\/div>\n\t\t\t\t\t<\/div>\n\t\t<\/div>\n\t\t\t\t\t<\/div>\n\t\t<\/section>\n\t\t\t\t<\/div>\n\t\t","protected":false},"excerpt":{"rendered":"<p>Neueste Artikel Lesen Sie unsere Artikel mit n\u00fctzlichen Tipps f\u00fcr eine optimale \u00dcbersetzung, die auf Ihre Ziele zugeschnitten ist.<\/p>\n","protected":false},"author":2,"featured_media":18,"parent":0,"menu_order":0,"comment_status":"closed","ping_status":"closed","template":"","meta":{"footnotes":""},"class_list":["post-131","page","type-page","status-publish","has-post-thumbnail","hentry"],"_links":{"self":[{"href":"https:\/\/www.lipsie.com\/ch\/videoubersetzung\/wp-json\/wp\/v2\/pages\/131","targetHints":{"allow":["GET"]}}],"collection":[{"href":"https:\/\/www.lipsie.com\/ch\/videoubersetzung\/wp-json\/wp\/v2\/pages"}],"about":[{"href":"https:\/\/www.lipsie.com\/ch\/videoubersetzung\/wp-json\/wp\/v2\/types\/page"}],"author":[{"embeddable":true,"href":"https:\/\/www.lipsie.com\/ch\/videoubersetzung\/wp-json\/wp\/v2\/users\/2"}],"replies":[{"embeddable":true,"href":"https:\/\/www.lipsie.com\/ch\/videoubersetzung\/wp-json\/wp\/v2\/comments?post=131"}],"version-history":[{"count":10,"href":"https:\/\/www.lipsie.com\/ch\/videoubersetzung\/wp-json\/wp\/v2\/pages\/131\/revisions"}],"predecessor-version":[{"id":281,"href":"https:\/\/www.lipsie.com\/ch\/videoubersetzung\/wp-json\/wp\/v2\/pages\/131\/revisions\/281"}],"wp:featuredmedia":[{"embeddable":true,"href":"https:\/\/www.lipsie.com\/ch\/videoubersetzung\/wp-json\/wp\/v2\/media\/18"}],"wp:attachment":[{"href":"https:\/\/www.lipsie.com\/ch\/videoubersetzung\/wp-json\/wp\/v2\/media?parent=131"}],"curies":[{"name":"wp","href":"https:\/\/api.w.org\/{rel}","templated":true}]}}